{"id":183,"date":"2024-06-10T17:05:57","date_gmt":"2024-06-10T17:05:57","guid":{"rendered":"https:\/\/kiitospaiva.fi\/?page_id=183"},"modified":"2024-06-10T17:21:04","modified_gmt":"2024-06-10T17:21:04","slug":"artikkelit","status":"publish","type":"page","link":"https:\/\/kiitospaiva.fi\/index.php\/artikkelit\/","title":{"rendered":"Artikkelit"},"content":{"rendered":"\n<p><\/p>\n\n\n\n<div class=\"wp-block-media-text alignwide is-stacked-on-mobile is-vertically-aligned-top\"><figure class=\"wp-block-media-text__media\"><img loading=\"lazy\" decoding=\"async\" width=\"1024\" height=\"472\" src=\"https:\/\/kiitospaiva.fi\/wp-content\/uploads\/2024\/06\/Untitled_Artwork-1-copy-1024x472.jpg\" alt=\"\" class=\"wp-image-306 size-full\" srcset=\"https:\/\/kiitospaiva.fi\/wp-content\/uploads\/2024\/06\/Untitled_Artwork-1-copy-1024x472.jpg 1024w, https:\/\/kiitospaiva.fi\/wp-content\/uploads\/2024\/06\/Untitled_Artwork-1-copy-300x138.jpg 300w, https:\/\/kiitospaiva.fi\/wp-content\/uploads\/2024\/06\/Untitled_Artwork-1-copy-768x354.jpg 768w, https:\/\/kiitospaiva.fi\/wp-content\/uploads\/2024\/06\/Untitled_Artwork-1-copy-1536x707.jpg 1536w, https:\/\/kiitospaiva.fi\/wp-content\/uploads\/2024\/06\/Untitled_Artwork-1-copy.jpg 1798w\" sizes=\"auto, (max-width: 1024px) 100vw, 1024px\" \/><\/figure><div class=\"wp-block-media-text__content\">\n<p><strong>Mit\u00e4 sin\u00e4 teet Suomen Kiitosp\u00e4iv\u00e4n\u00e4?<\/strong> <br>Blogi, artikkeli, Mikkelin Helluntaiseurakunta. <br><a href=\"https:\/\/mikkelinhelluntaisrk.fi\/mita-sina-teet-suomen-kiitospaivana\/\">Mit\u00e4 sin\u00e4 teet Suomen kiitosp\u00e4iv\u00e4n\u00e4? | Seurakunta Mikkeliss\u00e4 (mikkelinhelluntaisrk.fi)<\/a><\/p>\n<\/div><\/div>\n","protected":false},"excerpt":{"rendered":"<p>Mit\u00e4 sin\u00e4 teet Suomen Kiitosp\u00e4iv\u00e4n\u00e4? Blogi, artikkeli, Mikkelin Helluntaiseurakunta. Mit\u00e4 sin\u00e4 teet Suomen kiitosp\u00e4iv\u00e4n\u00e4? | Seurakunta Mikkeliss\u00e4 (mikkelinhelluntaisrk.fi)<\/p>\n","protected":false},"author":2,"featured_media":181,"parent":0,"menu_order":0,"comment_status":"closed","ping_status":"closed","template":"","meta":{"footnotes":""},"class_list":["post-183","page","type-page","status-publish","has-post-thumbnail","hentry"],"_links":{"self":[{"href":"https:\/\/kiitospaiva.fi\/index.php\/wp-json\/wp\/v2\/pages\/183","targetHints":{"allow":["GET"]}}],"collection":[{"href":"https:\/\/kiitospaiva.fi\/index.php\/wp-json\/wp\/v2\/pages"}],"about":[{"href":"https:\/\/kiitospaiva.fi\/index.php\/wp-json\/wp\/v2\/types\/page"}],"author":[{"embeddable":true,"href":"https:\/\/kiitospaiva.fi\/index.php\/wp-json\/wp\/v2\/users\/2"}],"replies":[{"embeddable":true,"href":"https:\/\/kiitospaiva.fi\/index.php\/wp-json\/wp\/v2\/comments?post=183"}],"version-history":[{"count":4,"href":"https:\/\/kiitospaiva.fi\/index.php\/wp-json\/wp\/v2\/pages\/183\/revisions"}],"predecessor-version":[{"id":307,"href":"https:\/\/kiitospaiva.fi\/index.php\/wp-json\/wp\/v2\/pages\/183\/revisions\/307"}],"wp:featuredmedia":[{"embeddable":true,"href":"https:\/\/kiitospaiva.fi\/index.php\/wp-json\/wp\/v2\/media\/181"}],"wp:attachment":[{"href":"https:\/\/kiitospaiva.fi\/index.php\/wp-json\/wp\/v2\/media?parent=183"}],"curies":[{"name":"wp","href":"https:\/\/api.w.org\/{rel}","templated":true}]}}